{"id":388,"date":"2018-08-29T13:26:37","date_gmt":"2018-08-29T13:26:37","guid":{"rendered":"https:\/\/menii.pl\/?page_id=388"},"modified":"2018-08-29T13:26:37","modified_gmt":"2018-08-29T13:26:37","slug":"horeca","status":"publish","type":"page","link":"https:\/\/menii.pl\/en\/horeca\/","title":{"rendered":"HORECA"},"content":{"rendered":"<h1>HORECA<\/h1>\n<p><img loading=\"lazy\" decoding=\"async\" class=\"size-full wp-image-27 alignleft\" src=\"https:\/\/menii.pl\/wp-content\/uploads\/2017\/11\/horeca.jpg\" alt=\"\" width=\"335\" height=\"225\" srcset=\"https:\/\/menii.pl\/wp-content\/uploads\/2017\/11\/horeca.jpg 335w, https:\/\/menii.pl\/wp-content\/uploads\/2017\/11\/horeca-300x201.jpg 300w\" sizes=\"auto, (max-width: 335px) 100vw, 335px\" \/>Produkty Menii mo\u017cna wykorzysta\u0107 na r\u00f3\u017cny spos\u00f3b w bran\u017cy HoReCa.<\/p>\n<p>Opakowania 1 kg u\u0142atwi\u0105 prac\u0119 na kuchni, barze czy restauracji.<\/p>\n<p>W nasze ofercie restauratorzy oraz hotele znajd\u0105 gotowe Puree oraz Smoothie w 1 kg opakowaniu typu doypack z korkiem.<span class=\"Apple-converted-space\">\u00a0<\/span><\/p>\n<p>Opakowania mus\u00f3w 90 g oraz Smoothie w 250 ml butelkach mog\u0105 zosta\u0107 wykorzystane do paczek \u015bniadaniowych jako alternatywa dla surowych owoc\u00f3w. O wiele bardziej trwa\u0142e i prostsze w konsumpcji.<\/p>\n<p>Nieustannie rozszerzamy ofert\u0119 aby jak najlepiej sprosta\u0107 oczekiwaniom klient\u00f3w tego segmentu.<\/p>\n<p>Du\u017c\u0105 nacisk stawiany jest na szybko\u015bci i profesjonalizm dostaw. Wysy\u0142ki realizowane<span class=\"Apple-converted-space\">\u00a0 <\/span>w przeci\u0105gu 24-48h od z\u0142o\u017cenia zam\u00f3wienia.<\/p>\n<p>ZAPRASZAMY DO WSP\u00d3\u0141PRACY!!!<span class=\"Apple-converted-space\">\u00a0<\/span><\/p>\n","protected":false},"excerpt":{"rendered":"<p>HORECA Produkty Menii mo\u017cna wykorzysta\u0107 na r\u00f3\u017cny spos\u00f3b w bran\u017cy HoReCa. Opakowania 1 kg u\u0142atwi\u0105 prac\u0119 na kuchni, barze czy restauracji. W nasze ofercie restauratorzy oraz hotele znajd\u0105 gotowe Puree oraz Smoothie w 1 kg opakowaniu typu doypack z korkiem.\u00a0 Opakowania mus\u00f3w 90 g oraz Smoothie w 250 ml butelkach mog\u0105 zosta\u0107 wykorzystane do paczek [&hellip;]<\/p>\n","protected":false},"author":1,"featured_media":0,"parent":0,"menu_order":0,"comment_status":"closed","ping_status":"closed","template":"","meta":{"footnotes":""},"class_list":["post-388","page","type-page","status-publish","hentry"],"_links":{"self":[{"href":"https:\/\/menii.pl\/en\/wp-json\/wp\/v2\/pages\/388","targetHints":{"allow":["GET"]}}],"collection":[{"href":"https:\/\/menii.pl\/en\/wp-json\/wp\/v2\/pages"}],"about":[{"href":"https:\/\/menii.pl\/en\/wp-json\/wp\/v2\/types\/page"}],"author":[{"embeddable":true,"href":"https:\/\/menii.pl\/en\/wp-json\/wp\/v2\/users\/1"}],"replies":[{"embeddable":true,"href":"https:\/\/menii.pl\/en\/wp-json\/wp\/v2\/comments?post=388"}],"version-history":[{"count":1,"href":"https:\/\/menii.pl\/en\/wp-json\/wp\/v2\/pages\/388\/revisions"}],"predecessor-version":[{"id":389,"href":"https:\/\/menii.pl\/en\/wp-json\/wp\/v2\/pages\/388\/revisions\/389"}],"wp:attachment":[{"href":"https:\/\/menii.pl\/en\/wp-json\/wp\/v2\/media?parent=388"}],"curies":[{"name":"wp","href":"https:\/\/api.w.org\/{rel}","templated":true}]}}