{"id":384,"date":"2018-08-29T13:24:18","date_gmt":"2018-08-29T13:24:18","guid":{"rendered":"https:\/\/menii.pl\/?page_id=384"},"modified":"2018-08-29T13:24:18","modified_gmt":"2018-08-29T13:24:18","slug":"polityka-prywatnosci","status":"publish","type":"page","link":"https:\/\/menii.pl\/en\/polityka-prywatnosci\/","title":{"rendered":"Polityka prywatno\u015bci"},"content":{"rendered":"<p>POLITYKA PRYWATNO\u015aCI I OCHRONY DANYCH OSOBOWYCH<\/p>\n<ol>\n<li>Administrator danych osobowych<\/li>\n<li>Kontakt w sprawach zwi\u0105zanych z Przetwarzaniem danych osobowych<\/li>\n<li>Pochodzenie danych<\/li>\n<li>Rodzaj przetwarzanych danych osobowych<\/li>\n<li>Cel przetwarzania danych<\/li>\n<li>Przekazywanie danych osobowych<\/li>\n<li>Czas przetwarzania danych osobowych<\/li>\n<li>Przetwarzanie automatyczne i profilowanie<\/li>\n<li>Uprawnienia u\u017cytkownika wzgl\u0119dem w\u0142asnych danych osobowych<\/li>\n<li>Organ nadzorczy i Skargi\n<ol>\n<li><b>Administratorem danych osobowych<\/b> jest \u201eMENII \u0141UKASZ JAKUBOWSKI\u201d<span class=\"Apple-converted-space\">\u00a0 <\/span>z siedzib\u0105 w miejscowo\u015bci Lutomierska 50 95-200 Pabianice.<\/li>\n<li><b>Kontakt w sprawach zwi\u0105zanych z przetwarzaniem danych osobowych<\/b>\n<ol>\n<li>Email: rodo@menii.pl<\/li>\n<li>Poczta: \u201eMENII\u201d \u0141UKASZ JAKUBOWSKI, Lutomierska 50, 95-200 Pabianice ; z dopiskiem \u201eochrona danych osobowych\u201d<\/li>\n<\/ol>\n<\/li>\n<li><b>Pochodzenie danych<\/b>\n<ol>\n<li>Dane osobowe s\u0105 zbierane wy\u0142\u0105cznie w zwi\u0105zku z prowadzon\u0105 przez firm\u0119 dzia\u0142alno\u015bci\u0105. W tym w szczeg\u00f3lno\u015bci poprzez kontakty handlowe, audyty klient\u00f3w oraz dostawc\u00f3w, rekrutacj\u0119, spedycj\u0119 towar\u00f3w kontakt z biurem obs\u0142ugi klienta, etc.<\/li>\n<\/ol>\n<\/li>\n<li><b>Rodzaj przetwarzanych danych osobowych niezb\u0119dnych do :<\/b>\n<ol>\n<li>zawarcia i realizacji \u0142\u0105cz\u0105cych nas um\u00f3w,<\/li>\n<li>realizacji obowi\u0105zk\u00f3w \u201eMENII\u201d \u0141UKASZ JAKUBOWSKI\u201d przewidzianych prawem, dotycz\u0105cych dokument\u00f3w sprzeda\u017cy<\/li>\n<li>ochrony praw dotycz\u0105cych roszcze\u0144 \u201eMENII\u201d \u0141UKASZ JAKUBOWSKI\u201d zgodnie z przepisami prawa,<\/li>\n<li>zawarcie um\u00f3w o prac\u0119 i um\u00f3w cywilnoprawnych<\/li>\n<\/ol>\n<\/li>\n<\/ol>\n<\/li>\n<\/ol>\n<ol start=\"10\">\n<li style=\"list-style-type: none;\">\n<ol start=\"5\">\n<li><b>Cel przetwarzania danych<\/b>\n<ol>\n<li>Pa\u0144stwa dane osobowe przetwarzane s\u0105 przez Administratora w celu wykonania zawartej umowy, w szczeg\u00f3lno\u015bci:\n<ol>\n<li>Kontaktu z Klientem<\/li>\n<\/ol>\n<\/li>\n<\/ol>\n<\/li>\n<\/ol>\n<\/li>\n<\/ol>\n<ol>\n<li style=\"list-style-type: none;\">\n<ol>\n<li style=\"list-style-type: none;\">\n<ol>\n<li style=\"list-style-type: none;\">\n<ol>\n<li style=\"list-style-type: none;\">\n<ul>\n<li>Obs\u0142ugi zam\u00f3wienia<\/li>\n<li>Przyjmowania sugestii.<\/li>\n<li>Rozpatrywania reklamacji.<\/li>\n<\/ul>\n<\/li>\n<\/ol>\n<\/li>\n<\/ol>\n<\/li>\n<\/ol>\n<\/li>\n<\/ol>\n<ol start=\"10\">\n<li style=\"list-style-type: none;\">\n<ol start=\"5\">\n<li style=\"list-style-type: none;\">\n<ol>\n<li style=\"list-style-type: none;\">\n<ol start=\"2\">\n<li>Prowadzenie dzia\u0142a\u0144 marketingowych .<\/li>\n<li>Kontakt w celach zwi\u0105zanych z dozwolonymi dzia\u0142aniami marketingowymi, poprzez dost\u0119pne kana\u0142y komunikacji, w szczeg\u00f3lno\u015bci i za zgod\u0105 klienta &#8211; przez e-mail lub\/i telefon.<\/li>\n<\/ol>\n<\/li>\n<li>Dane osobowe b\u0119d\u0105 te\u017c przetwarzane dla cel\u00f3w wynikaj\u0105cych z odr\u0119bnych przepis\u00f3w prawa w tym m.in. cel\u00f3w podatkowych i rachunkowych.<\/li>\n<li>Ze wzgl\u0119du na prawnie uzasadniony interes \u201eMENII\u201d \u0141UKASZ JAKUBOWSKI\u201d dane osobowe s\u0105 przetwarzane r\u00f3wnie\u017c w celu:\n<ol start=\"2\">\n<li>Zapewnienia realizacji sprzeda\u017cy naszych produkt\u00f3w.<\/li>\n<li>Obs\u0142ugi kontaktu z dzia\u0142em obs\u0142ugi r\u00f3wnie\u017c w wypadku gdy nie s\u0105 one zwi\u0105zane z realizacj\u0105 umowy.<\/li>\n<li>Archiwizacji danych.<\/li>\n<li>Realizacji cel\u00f3w zmierzaj\u0105cych do zapewnienia bezpiecze\u0144stwa os\u00f3b, mienia oraz produktu.<\/li>\n<li>Zawarcia um\u00f3w o prac\u0119 i um\u00f3w cywilnoprawnych.<\/li>\n<\/ol>\n<\/li>\n<\/ol>\n<\/li>\n<li><b>Przekazywanie danych osobowych<\/b>\n<ol>\n<li>Dane osobowe b\u0119d\u0105 przetwarzane wy\u0142\u0105cznie przez \u201eMENII\u201d \u0141UKASZ JAKUBOWSKI\u201d oraz przez wybranych partner\u00f3w technologicznych ( takich jak : podmioty prowadz\u0105ce dzia\u0142alno\u015b\u0107 pocztow\u0105, kuriersk\u0105 i spedycyjn\u0105, banki, podmioty obs\u0142uguj\u0105ce nasze systemy teleinformatyczne, podmioty \u015bwiadcz\u0105ce us\u0142ugi z zakresu pomocy prawnej i podatkowej, podmioty zajmuj\u0105ce si\u0119 elektroniczn\u0105 wymian\u0105 oraz archiwizacj\u0105 dokument\u00f3w, podmioty ubezpieczaj\u0105ce nasze nale\u017cno\u015bci i prowadz\u0105ce dzia\u0142alno\u015b\u0107 windykacyjn\u0105 oraz inne podmioty \u015bwiadcz\u0105ce us\u0142ugi maj\u0105ce na celu realizacj\u0119 prawnie uzasadnionych interes\u00f3w firm \u201eMENII\u201d \u0141UKASZ JAKUBOWSKI\u201d).<\/li>\n<li>Przetwarzanie danych osobowych przez partner\u00f3w technologicznych \u201eMENII\u201d \u0141UKASZ JAKUBOWSKI\u201d odbywa si\u0119 na podstawie umowy zapewniaj\u0105cej zgodno\u015b\u0107 warunk\u00f3w przetwarzania z rozporz\u0105dzeniem o ochronie danych osobowych.<\/li>\n<li>Dane osobowe mog\u0105 zosta\u0107 przekazane organom publicznym uprawnionym do ich pozyskania r\u00f3wnie\u017c na podstawie odr\u0119bnych przepis\u00f3w (np. Policji, Prokuraturze, Urz\u0119dom Celnym i Skarbowym etc.).<\/li>\n<li>Dane osobowe nie b\u0119d\u0105 przekazywane poza Europejski Obszar Gospodarczy.<\/li>\n<\/ol>\n<\/li>\n<li><b>Czas przetwarzania danych osobowych<\/b>\n<ol>\n<li>Dane osobowe b\u0119d\u0105 przetwarzane do momentu odwo\u0142ania zgody na przetwarzanie danych osobowych, a po takim odwo\u0142aniu, przez okres przedawnienia roszcze\u0144 przys\u0142uguj\u0105cych administratorowi danych i w stosunku do niego.<\/li>\n<li>Administrator ma prawo przetwarza\u0107 dane osobowe w celach bezpiecze\u0144stwa, zapobiegania oszustwom, wy\u0142udzeniom, a tak\u017ce do cel\u00f3w statystycznych i analitycznych przez okres do 10 lat od zako\u0144czenia obowi\u0105zywania umowy.<\/li>\n<li>O ile wynika to z odr\u0119bnych przepis\u00f3w prawa (np. Ustawy o rachunkowo\u015bci, Ordynacji podatkowej) dane osobowe b\u0119d\u0105 przechowywane przez okres wymagany wzmiankowanymi przepisami w celu umo\u017cliwienia wymaga\u0144 prawnych tych\u017ce przepis\u00f3w.<\/li>\n<\/ol>\n<\/li>\n<li><b>Przetwarzanie automatyczne i profilowanie<\/b>\n<ol>\n<li>Dane osobowe nie s\u0105 przetwarzane w spos\u00f3b zautomatyzowany w tym poprzez profilowanie w celu dopasowania zawarto\u015bci strony do osobistych preferencji i zainteresowa\u0144.<\/li>\n<\/ol>\n<\/li>\n<li><b>Pa\u0144stwa uprawnienia wzgl\u0119dem w\u0142asnych danych osobowych.<\/b>\n<ol>\n<li>Ka\u017cdy ma prawo do:\n<ol start=\"2\">\n<li>Dost\u0119pu do danych osobowych kt\u00f3re go dotycz\u0105, w tym uzyskania kopii danych osobowych podlegaj\u0105cych przetwarzaniu. Prawo do uzyskania kopii nie mo\u017ce niekorzystnie wp\u0142ywa\u0107 na prawa i wolno\u015bci innych.<\/li>\n<li>Poprawiania i uzupe\u0142niania danych w przypadku stwierdzenia ich nieprawid\u0142owo\u015bci lub nieaktualno\u015bci.<\/li>\n<li>Usuni\u0119cia danych.<\/li>\n<li>Ograniczenia ich przetwarzania w nast\u0119puj\u0105cych przypadkach:<\/li>\n<\/ol>\n<\/li>\n<\/ol>\n<\/li>\n<\/ol>\n<\/li>\n<\/ol>\n<ol>\n<li style=\"list-style-type: none;\">\n<ol>\n<li style=\"list-style-type: none;\">\n<ol>\n<li style=\"list-style-type: none;\">\n<ol>\n<li style=\"list-style-type: none;\">\n<ul>\n<li>Osoba, kt\u00f3rej dane dotycz\u0105, kwestionuje prawid\u0142owo\u015b\u0107 danych osobowych \u2013 na okres pozwalaj\u0105cy administratorowi sprawdzi\u0107 prawid\u0142owo\u015b\u0107 tych danych.<\/li>\n<li>Przetwarzanie jest niezgodne z prawem, a osoba, kt\u00f3rej dane dotycz\u0105, sprzeciwia si\u0119 usuni\u0119ciu danych osobowych, \u017c\u0105daj\u0105c w zamian ograniczenia ich wykorzystywania.<\/li>\n<li>Administrator nie potrzebuje ju\u017c danych osobowych do cel\u00f3w przetwarzania, ale s\u0105 one potrzebne osobie, kt\u00f3rej dane dotycz\u0105, do ustalenia, dochodzenia lub obrony roszcze\u0144.<\/li>\n<\/ul>\n<\/li>\n<\/ol>\n<\/li>\n<\/ol>\n<\/li>\n<\/ol>\n<\/li>\n<\/ol>\n<ol start=\"10\">\n<li style=\"list-style-type: none;\">\n<ol start=\"9\">\n<li style=\"list-style-type: none;\">\n<ol>\n<li style=\"list-style-type: none;\">\n<ol start=\"5\">\n<li>Przenoszenia danych &#8211; osoba, kt\u00f3rej dane dotycz\u0105, ma prawo otrzyma\u0107 w ustrukturyzowanym, powszechnie u\u017cywanym formacie nadaj\u0105cym si\u0119 do odczytu maszynowego dane osobowe jej dotycz\u0105ce, kt\u00f3re dostarczy\u0142a administratorowi, oraz ma prawo przes\u0142a\u0107 te dane osobowe innemu administratorowi bez przeszk\u00f3d ze strony Administratora, kt\u00f3remu dostarczono te dane osobowe.<\/li>\n<li>Niepodlegania zautomatyzowanemu podejmowaniu decyzji (w tym profilowaniu).<\/li>\n<li>Prawo do sprzeciwu wobec przetwarzania danych osobowych.<\/li>\n<\/ol>\n<\/li>\n<\/ol>\n<\/li>\n<\/ol>\n<\/li>\n<\/ol>\n<ol>\n<li style=\"list-style-type: none;\">\n<ol>\n<li style=\"list-style-type: none;\">\n<ol>\n<li style=\"list-style-type: none;\">\n<ol>\n<li style=\"list-style-type: none;\">\n<ul>\n<li>W przypadku, gdy przetwarzanie dotyczy cel\u00f3w statystycznych lub jest realizowane na podstawie uzasadnionego interesu prawnego Administratora, a sprzeciw jest uzasadniony przez szczeg\u00f3lna sytuacj\u0119 osoby.<\/li>\n<\/ul>\n<\/li>\n<\/ol>\n<\/li>\n<\/ol>\n<\/li>\n<\/ol>\n<\/li>\n<\/ol>\n<ol start=\"10\">\n<li style=\"list-style-type: none;\">\n<ol start=\"9\">\n<li style=\"list-style-type: none;\">\n<ol start=\"2\">\n<li>Wszelkie \u017c\u0105dania dotycz\u0105ce realizacji w\/w praw nale\u017cy kierowa\u0107 do Administratora:\n<ol>\n<li>Drog\u0105 elektroniczn\u0105 na adres email : rodo@menii.pl<\/li>\n<li>Listem poleconym za potwierdzeniem odbioru na adres: MENII\u201d \u0141UKASZ JAKUBOWSKI, Lutomierska 50, 95-200 Pabianice; z dopiskiem \u201e ochrona danych osobowych\u201d<\/li>\n<li>Osobi\u015bcie w siedzibie Administratora.<\/li>\n<\/ol>\n<\/li>\n<li>Administrator udziela informacji o podj\u0119tych dzia\u0142aniach bez zb\u0119dnej zw\u0142oki, w terminie do miesi\u0105ca od otrzymania \u017c\u0105dania. Ze wzgl\u0119du na istotne okoliczno\u015bci (m.in. ilo\u015b\u0107 \u017c\u0105da\u0144 lub stopie\u0144 skomplikowania wniosku) termin mo\u017ce zosta\u0107 przed\u0142u\u017cony o kolejne 2 miesi\u0105ce. Przy czym w terminie miesi\u0105ca Administrator poinformuje osob\u0119, kt\u00f3rej dane dotycz\u0105 o przyczynach op\u00f3\u017anienia i przed\u0142u\u017ceniu terminu.<\/li>\n<li>Na odmow\u0119 podj\u0119cia dzia\u0142a\u0144 oraz op\u0142at\u0119 przys\u0142uguje skarga do organu nadzorczego.<\/li>\n<\/ol>\n<\/li>\n<li><b>Organ nadzorczy i Skargi<\/b><\/li>\n<\/ol>\n<\/li>\n<\/ol>\n<p>1.W zwi\u0105zku przetwarzaniem danych osobowych ka\u017cdej osobie przys\u0142uguje prawo do wniesienia skargi na dzia\u0142anie lub zaniechanie Administratora do organu nadzorczego, kt\u00f3rym jest Prezes Urz\u0119du Ochrony Danych Osobowych.<\/p>\n","protected":false},"excerpt":{"rendered":"<p>POLITYKA PRYWATNO\u015aCI I OCHRONY DANYCH OSOBOWYCH Administrator danych osobowych Kontakt w sprawach zwi\u0105zanych z Przetwarzaniem danych osobowych Pochodzenie danych Rodzaj przetwarzanych danych osobowych Cel przetwarzania danych Przekazywanie danych osobowych Czas przetwarzania danych osobowych Przetwarzanie automatyczne i profilowanie Uprawnienia u\u017cytkownika wzgl\u0119dem w\u0142asnych danych osobowych Organ nadzorczy i Skargi Administratorem danych osobowych jest \u201eMENII \u0141UKASZ JAKUBOWSKI\u201d\u00a0 z [&hellip;]<\/p>\n","protected":false},"author":1,"featured_media":0,"parent":0,"menu_order":0,"comment_status":"closed","ping_status":"closed","template":"","meta":{"footnotes":""},"class_list":["post-384","page","type-page","status-publish","hentry"],"_links":{"self":[{"href":"https:\/\/menii.pl\/en\/wp-json\/wp\/v2\/pages\/384","targetHints":{"allow":["GET"]}}],"collection":[{"href":"https:\/\/menii.pl\/en\/wp-json\/wp\/v2\/pages"}],"about":[{"href":"https:\/\/menii.pl\/en\/wp-json\/wp\/v2\/types\/page"}],"author":[{"embeddable":true,"href":"https:\/\/menii.pl\/en\/wp-json\/wp\/v2\/users\/1"}],"replies":[{"embeddable":true,"href":"https:\/\/menii.pl\/en\/wp-json\/wp\/v2\/comments?post=384"}],"version-history":[{"count":1,"href":"https:\/\/menii.pl\/en\/wp-json\/wp\/v2\/pages\/384\/revisions"}],"predecessor-version":[{"id":385,"href":"https:\/\/menii.pl\/en\/wp-json\/wp\/v2\/pages\/384\/revisions\/385"}],"wp:attachment":[{"href":"https:\/\/menii.pl\/en\/wp-json\/wp\/v2\/media?parent=384"}],"curies":[{"name":"wp","href":"https:\/\/api.w.org\/{rel}","templated":true}]}}