{"id":381,"date":"2018-08-29T13:22:28","date_gmt":"2018-08-29T13:22:28","guid":{"rendered":"https:\/\/menii.pl\/?page_id=381"},"modified":"2018-08-29T13:22:28","modified_gmt":"2018-08-29T13:22:28","slug":"dla-placowek-oswiaty","status":"publish","type":"page","link":"https:\/\/menii.pl\/en\/dla-placowek-oswiaty\/","title":{"rendered":"Dla plac\u00f3wek o\u015bwiaty"},"content":{"rendered":"<h1>Dla plac\u00f3wek o\u015bwiaty<\/h1>\n<p><img loading=\"lazy\" decoding=\"async\" class=\"size-full wp-image-26 alignleft\" src=\"https:\/\/menii.pl\/wp-content\/uploads\/2017\/11\/dla_oswiaty.jpg\" alt=\"\" width=\"335\" height=\"225\" srcset=\"https:\/\/menii.pl\/wp-content\/uploads\/2017\/11\/dla_oswiaty.jpg 335w, https:\/\/menii.pl\/wp-content\/uploads\/2017\/11\/dla_oswiaty-300x201.jpg 300w\" sizes=\"auto, (max-width: 335px) 100vw, 335px\" \/>100% Musy owocowe i owocowo-warzywne spe\u0142niaj\u0105 Rozporz\u0105dzenie Ministra Zdrowia odno\u015bnie \u017cywno\u015bci i \u017cywienia w plac\u00f3wkach o\u015bwiaty.<\/p>\n<p>Produkty Menii stanowi\u0105 doskona\u0142\u0105 alternatyw\u0119 dla surowych owoc\u00f3w. Uczniowie nie zawsze zjadaj\u0105 deser od razu. Dzi\u0119ki 100% musom Menii mog\u0105 zabra\u0107 je ze sob\u0105.<\/p>\n<p>Saszetka z korkiem u\u0142atwia jedzenie i pozwala na wielokrotne otwieranie. Zapewnia czysto\u015b\u0107 i higien\u0119 (nie pobrudzi r\u00f3wnie\u017c plecaka). Du\u017ca zakr\u0119tka przeciw-zad\u0142awieniowa zapewnia bezpiecze\u0144stwo ma\u0142ym przedszkolakom.<\/p>\n<p>ZAPRASZAMY DO WSP\u00d3\u0141PRACY CATERINGI ORAZ DYSTRYBUTOR\u00d3W PRODUKT\u00d3W DO SZK\u00d3\u0141 ORAZ PRZEDSZKOLI.<\/p>\n","protected":false},"excerpt":{"rendered":"<p>Dla plac\u00f3wek o\u015bwiaty 100% Musy owocowe i owocowo-warzywne spe\u0142niaj\u0105 Rozporz\u0105dzenie Ministra Zdrowia odno\u015bnie \u017cywno\u015bci i \u017cywienia w plac\u00f3wkach o\u015bwiaty. Produkty Menii stanowi\u0105 doskona\u0142\u0105 alternatyw\u0119 dla surowych owoc\u00f3w. Uczniowie nie zawsze zjadaj\u0105 deser od razu. Dzi\u0119ki 100% musom Menii mog\u0105 zabra\u0107 je ze sob\u0105. Saszetka z korkiem u\u0142atwia jedzenie i pozwala na wielokrotne otwieranie. Zapewnia czysto\u015b\u0107 [&hellip;]<\/p>\n","protected":false},"author":1,"featured_media":0,"parent":0,"menu_order":0,"comment_status":"closed","ping_status":"closed","template":"","meta":{"footnotes":""},"class_list":["post-381","page","type-page","status-publish","hentry"],"_links":{"self":[{"href":"https:\/\/menii.pl\/en\/wp-json\/wp\/v2\/pages\/381","targetHints":{"allow":["GET"]}}],"collection":[{"href":"https:\/\/menii.pl\/en\/wp-json\/wp\/v2\/pages"}],"about":[{"href":"https:\/\/menii.pl\/en\/wp-json\/wp\/v2\/types\/page"}],"author":[{"embeddable":true,"href":"https:\/\/menii.pl\/en\/wp-json\/wp\/v2\/users\/1"}],"replies":[{"embeddable":true,"href":"https:\/\/menii.pl\/en\/wp-json\/wp\/v2\/comments?post=381"}],"version-history":[{"count":1,"href":"https:\/\/menii.pl\/en\/wp-json\/wp\/v2\/pages\/381\/revisions"}],"predecessor-version":[{"id":382,"href":"https:\/\/menii.pl\/en\/wp-json\/wp\/v2\/pages\/381\/revisions\/382"}],"wp:attachment":[{"href":"https:\/\/menii.pl\/en\/wp-json\/wp\/v2\/media?parent=381"}],"curies":[{"name":"wp","href":"https:\/\/api.w.org\/{rel}","templated":true}]}}