{"id":377,"date":"2018-08-29T13:20:13","date_gmt":"2018-08-29T13:20:13","guid":{"rendered":"https:\/\/menii.pl\/?page_id=377"},"modified":"2018-08-29T13:20:13","modified_gmt":"2018-08-29T13:20:13","slug":"strona-glowna-en","status":"publish","type":"page","link":"https:\/\/menii.pl\/en\/","title":{"rendered":"Strona g\u0142\u00f3wna en"},"content":{"rendered":"<div class=\"aos-item\" data-aos=\"fade-in\">\n<div class=\"aos-item__inner\">\n<h2 style=\"text-align: center;\">Nasz produkty<\/h2>\n<\/div>\n<\/div>\n<div class=\"aos-item\" data-aos=\"fade-in\">\n<div class=\"aos-item__inner\">\n<p style=\"text-align: center;\">Produkty MENII owoce maj\u0105 w swojej naturze. Nie znajdziecie w nich konserwant\u00f3w, polepszaczy czy barwnik\u00f3w. Pyszne, lekkie i przede wszystkim zdrowe. Mo\u017cecie zajada\u0107 si\u0119 nimi bez obaw. Idealne dla dbaj\u0105cych o lini\u0119, jak i dla os\u00f3b ceni\u0105cych sobie produkty wysokiej jako\u015bci. Zabierz nasze produkty ze sob\u0105 do pracy, szko\u0142y lub w ciekawy spos\u00f3b wykorzystaj je w swojej kuchni, jako dodatek do da\u0144 i deser\u00f3w. Wyb\u00f3r nale\u017cy do Ciebie: mus w saszetce z korkiem, a mo\u017ce orze\u017awiaj\u0105ce smoothie w plastikowej butelce, dla innowator\u00f3w w kuchni PremiumPuree. SMACZNEGO!!!<\/p>\n<\/div>\n<\/div>\n<p>&nbsp;<\/p>\n<div class=\"box_cont\">\n<div class=\"box\" data-aos=\"fade-in\">\n<div class=\"box_title\"><a href=\"https:\/\/menii.pl\/kategoria-produktow\/100-musy-w-saszetkach\/\">100% musy w saszetkach<\/a><\/div>\n<p><img loading=\"lazy\" decoding=\"async\" class=\"alignnone wp-image-319 size-full\" src=\"https:\/\/menii.pl\/wp-content\/uploads\/2018\/08\/musy-owocowe-menii.png\" alt=\"\" width=\"324\" height=\"272\" srcset=\"https:\/\/menii.pl\/wp-content\/uploads\/2018\/08\/musy-owocowe-menii.png 324w, https:\/\/menii.pl\/wp-content\/uploads\/2018\/08\/musy-owocowe-menii-300x252.png 300w\" sizes=\"auto, (max-width: 324px) 100vw, 324px\" \/><\/p>\n<div class=\"box_text\"><a href=\"https:\/\/menii.pl\/kategoria-produktow\/100-musy-w-saszetkach\/\"> Musy w nowej smart formie. BEZ dodanego CUKRU \u2013 spe\u0142niaj\u0105ce wymogi rozporz\u0105dzenia o \u017cywno\u015bci i \u017cywieniu w jednostkach o\u015bwiaty.<\/a><\/div>\n<\/div>\n<div class=\"box\" data-aos=\"fade-in\">\n<div class=\"box_title\"><a href=\"https:\/\/menii.pl\/kategoria-produktow\/premiumpuree\/\">PremiumPuree<\/a><\/div>\n<p><img loading=\"lazy\" decoding=\"async\" class=\"alignnone wp-image-323 size-full\" src=\"https:\/\/menii.pl\/wp-content\/uploads\/2018\/08\/premium-puree-menii.png\" alt=\"\" width=\"324\" height=\"272\" srcset=\"https:\/\/menii.pl\/wp-content\/uploads\/2018\/08\/premium-puree-menii.png 324w, https:\/\/menii.pl\/wp-content\/uploads\/2018\/08\/premium-puree-menii-300x252.png 300w\" sizes=\"auto, (max-width: 324px) 100vw, 324px\" \/><\/p>\n<div class=\"box_text\"><a href=\"https:\/\/menii.pl\/kategoria-produktow\/premiumpuree\/\"> Owocowe puree w du\u017cym opakowaniu. Idealne w kuchni, w barze a tak\u017ce w restauracji. Odpowiednie do przygotowania wielu potraw, w tym domowego smoothie, lod\u00f3w, deser\u00f3w, dip\u00f3w, jogurt\u00f3w czy drink\u00f3w.<\/a><\/div>\n<\/div>\n<div class=\"box\" data-aos=\"fade-in\">\n<div class=\"box_title\"><a href=\"https:\/\/menii.pl\/kategoria-produktow\/smoothie-butelka-plastikowa\/\">Smoothie<\/a><\/div>\n<p><img loading=\"lazy\" decoding=\"async\" class=\"alignnone wp-image-326 size-full\" src=\"https:\/\/menii.pl\/wp-content\/uploads\/2018\/08\/smoothie.png\" alt=\"\" width=\"324\" height=\"272\" srcset=\"https:\/\/menii.pl\/wp-content\/uploads\/2018\/08\/smoothie.png 324w, https:\/\/menii.pl\/wp-content\/uploads\/2018\/08\/smoothie-300x252.png 300w\" sizes=\"auto, (max-width: 324px) 100vw, 324px\" \/><\/p>\n<div class=\"box_text\"><a href=\"https:\/\/menii.pl\/kategoria-produktow\/smoothie-butelka-plastikowa\/\">Zmiksowany i sch\u0142odzone smoothie owocowe i owocowo-warzywne  o g\u0119stej i kremowej konsystencji. Idealnie nadaj\u0105ce si\u0119 do serwowania podczas ka\u017cdego posi\u0142ku daj\u0105c ogromn\u0105 dawk\u0119 witalno\u015bci.<\/a><\/div>\n<\/div>\n<\/div>\n","protected":false},"excerpt":{"rendered":"<p>Nasz produkty Produkty MENII owoce maj\u0105 w swojej naturze. Nie znajdziecie w nich konserwant\u00f3w, polepszaczy czy barwnik\u00f3w. Pyszne, lekkie i przede wszystkim zdrowe. Mo\u017cecie zajada\u0107 si\u0119 nimi bez obaw. Idealne dla dbaj\u0105cych o lini\u0119, jak i dla os\u00f3b ceni\u0105cych sobie produkty wysokiej jako\u015bci. Zabierz nasze produkty ze sob\u0105 do pracy, szko\u0142y lub w ciekawy spos\u00f3b [&hellip;]<\/p>\n","protected":false},"author":1,"featured_media":0,"parent":0,"menu_order":0,"comment_status":"closed","ping_status":"closed","template":"","meta":{"footnotes":""},"class_list":["post-377","page","type-page","status-publish","hentry"],"_links":{"self":[{"href":"https:\/\/menii.pl\/en\/wp-json\/wp\/v2\/pages\/377","targetHints":{"allow":["GET"]}}],"collection":[{"href":"https:\/\/menii.pl\/en\/wp-json\/wp\/v2\/pages"}],"about":[{"href":"https:\/\/menii.pl\/en\/wp-json\/wp\/v2\/types\/page"}],"author":[{"embeddable":true,"href":"https:\/\/menii.pl\/en\/wp-json\/wp\/v2\/users\/1"}],"replies":[{"embeddable":true,"href":"https:\/\/menii.pl\/en\/wp-json\/wp\/v2\/comments?post=377"}],"version-history":[{"count":1,"href":"https:\/\/menii.pl\/en\/wp-json\/wp\/v2\/pages\/377\/revisions"}],"predecessor-version":[{"id":378,"href":"https:\/\/menii.pl\/en\/wp-json\/wp\/v2\/pages\/377\/revisions\/378"}],"wp:attachment":[{"href":"https:\/\/menii.pl\/en\/wp-json\/wp\/v2\/media?parent=377"}],"curies":[{"name":"wp","href":"https:\/\/api.w.org\/{rel}","templated":true}]}}